{"id":81,"date":"2024-04-09T18:14:54","date_gmt":"2024-04-09T18:14:54","guid":{"rendered":"https:\/\/paddleclip.ca\/?page_id=81"},"modified":"2025-12-08T21:47:23","modified_gmt":"2025-12-09T02:47:23","slug":"paddleclip","status":"publish","type":"page","link":"https:\/\/paddleclip.ca\/fr\/","title":{"rendered":"PaddleClip"},"content":{"rendered":"<section class=\"bde-section-81-115 bde-section\">\n  \n  \n\t\n\n\n\n<div class=\"section-container\"><div class=\"bde-div-81-116 bde-div\">\n              \n  \n  \n\t\n\n  <div class=\"section-background-overlay\"><\/div>\n\n\n<div class=\"bde-div-81-117 bde-div\">\n  \n  \n\t\n\n\n\n<h1 class=\"bde-heading-81-206 bde-heading\">\nInvent\u00e9, dessin\u00e9 et fabriqu\u00e9 au Canada.\n<\/h1><h1 class=\"bde-heading-81-118 bde-heading\">\nDes accessoires pour paddle board et kayak.\n<\/h1><div class=\"bde-text-81-119 bde-text\">\nFaites-vous plaisir en vous procurant l'un de nos accessoires d\u00e9ssin\u00e9s de mani\u00e8re \u00e0 agr\u00e9menter vos activit\u00e9s sur l'eau.\n<\/div>\n<\/div><div class=\"bde-button-81-270 bde-button\">\n    \n                                    \n    \n    \n    \n    \n            \n                    \n            \n            \n\n    \n    \n    \n    \n    \n    <a class=\"breakdance-link button-atom button-atom--custom bde-button__button\" href=\"https:\/\/paddleclip.ca\/product-category\/pratique\/\" target=\"_self\" data-type=\"url\"  >\n\n    \n        <span class=\"button-atom__text\">ACHETEZ MAINTENANT<\/span>\n\n        \n        \n                <\/a>\n\n    \n\n\n<\/div>\n<\/div><\/div>\n<\/section><section class=\"bde-section-81-215 bde-section\">\n  \n  \n\t\n\n\n\n<div class=\"section-container\"><div class=\"bde-advancedslider-81-223 bde-advancedslider\">\n<div class=\"breakdance-swiper-wrapper\" data-swiper-id=\"223\">\n  <div class=\"swiper\">\n    <div class=\"swiper-wrapper\">\n      <div class=\"bde-advancedslide-81-224 bde-advancedslide swiper-slide\">\n<div class=\"advanced-slider__slide\">\n  <h1 class=\"bde-heading-81-225 bde-heading\">\nProduits 100% Canadien, \u00c9co-responsable\n<\/h1>\n<\/div>\n<\/div><div class=\"bde-advancedslide-81-234 bde-advancedslide swiper-slide\">\n<div class=\"advanced-slider__slide\">\n  <h1 class=\"bde-heading-81-235 bde-heading\">\nNous fabriquons enti\u00e8rement tous nos produits\n<\/h1>\n<\/div>\n<\/div><div class=\"bde-advancedslide-81-266 bde-advancedslide swiper-slide\">\n<div class=\"advanced-slider__slide\">\n  <h1 class=\"bde-heading-81-267 bde-heading\">\nGarantie minimum de 1 an sur tous nos produits\n<\/h1>\n<\/div>\n<\/div><div class=\"bde-advancedslide-81-236 bde-advancedslide swiper-slide\">\n<div class=\"advanced-slider__slide\">\n  <h1 class=\"bde-heading-81-237 bde-heading\">\nLivraison gratuite au Canada (commande de 50.00$ et +)\n<\/h1>\n<\/div>\n<\/div>\n    <\/div>\n  <\/div>\n\n      \n    \n<\/div>\n\n<\/div><\/div>\n<\/section>","protected":false},"excerpt":{"rendered":"<p>Invent\u00e9, dessin\u00e9 et fabriqu\u00e9 au Canada. Des accessoires pour paddle board et kayak. Faites-vous plaisir en vous procurant l&rsquo;un de nos accessoires d\u00e9ssin\u00e9s de mani\u00e8re \u00e0 agr\u00e9menter vos activit\u00e9s sur l&rsquo;eau. ACHETEZ MAINTENANT Produits 100% Canadien, \u00c9co-responsable Nous fabriquons enti\u00e8rement tous nos produits Garantie minimum de 1 an sur tous nos produits Livraison gratuite au [&hellip;]<\/p>\n","protected":false},"author":5,"featured_media":0,"parent":0,"menu_order":0,"comment_status":"closed","ping_status":"closed","template":"","meta":{"_acf_changed":false,"_breakdance_hide_in_design_set":false,"_breakdance_tags":"","footnotes":""},"class_list":["post-81","page","type-page","status-publish","hentry"],"acf":[],"_links":{"self":[{"href":"https:\/\/paddleclip.ca\/fr\/wp-json\/wp\/v2\/pages\/81","targetHints":{"allow":["GET"]}}],"collection":[{"href":"https:\/\/paddleclip.ca\/fr\/wp-json\/wp\/v2\/pages"}],"about":[{"href":"https:\/\/paddleclip.ca\/fr\/wp-json\/wp\/v2\/types\/page"}],"author":[{"embeddable":true,"href":"https:\/\/paddleclip.ca\/fr\/wp-json\/wp\/v2\/users\/5"}],"replies":[{"embeddable":true,"href":"https:\/\/paddleclip.ca\/fr\/wp-json\/wp\/v2\/comments?post=81"}],"version-history":[{"count":44,"href":"https:\/\/paddleclip.ca\/fr\/wp-json\/wp\/v2\/pages\/81\/revisions"}],"predecessor-version":[{"id":1583,"href":"https:\/\/paddleclip.ca\/fr\/wp-json\/wp\/v2\/pages\/81\/revisions\/1583"}],"wp:attachment":[{"href":"https:\/\/paddleclip.ca\/fr\/wp-json\/wp\/v2\/media?parent=81"}],"curies":[{"name":"wp","href":"https:\/\/api.w.org\/{rel}","templated":true}]}}